{"id":101,"date":"2013-10-09T11:11:12","date_gmt":"2013-10-09T15:11:12","guid":{"rendered":"http:\/\/www.ecrc.ca\/?page_id=101"},"modified":"2026-02-12T10:51:06","modified_gmt":"2026-02-12T15:51:06","slug":"office-location-personnel","status":"publish","type":"page","link":"https:\/\/www.ecrc-simec.ca\/en\/about\/office-location-personnel\/","title":{"rendered":"Our office location and personnel"},"content":{"rendered":"<h2 class=\"short left\">Office location<\/h2>\n<div class=\"area floatleft short\">\n<h4>Great Lakes Region<\/h4>\n<p><a href=\"https:\/\/www.ecrc-simec.ca\/en\/about\/office-location-personnel\/corunna\/#corunna\">Corunna<\/a><\/p>\n<h4>Atlantic Region<\/h4>\n<p><a href=\"#\">Dartmouth<\/a>, <a href=\"#\">St-John&#8217;s<\/a><\/p>\n<h4>Quebec Region<\/h4>\n<p><a href=\"#\">Qu\u00e9bec<\/a>, <a href=\"#\">Sept-\u00celes<\/a>, <a href=\"#\">Verch\u00e8res<\/a><\/p>\n<h4>Headquarters Office<\/h4>\n<p><a href=\"#\">Ottawa<\/a><\/p>\n<p>\nECRC manages 3 Regions that contain 6 staffed and equipped Response Centres<\/p>\n<\/div>\n<div class=\"floatright\"><img loading=\"lazy\" decoding=\"async\" alt=\"\" src=\"http:\/\/www.ecrc.ca\/wp-content\/uploads\/2013\/10\/map.png\" width=\"650\" height=\"488\" \/><\/div>\n","protected":false},"excerpt":{"rendered":"<p>Office location Great Lakes Region Corunna Atlantic Region Dartmouth, St-John&#8217;s Quebec Region Qu\u00e9bec, Sept-\u00celes, Verch\u00e8res Headquarters Office Ottawa ECRC manages 3 Regions that contain 6 staffed and equipped Response Centres<\/p>\n","protected":false},"author":1,"featured_media":0,"parent":83,"menu_order":3,"comment_status":"closed","ping_status":"closed","template":"page-office.php","meta":{"_acf_changed":false,"_monsterinsights_skip_tracking":false,"_monsterinsights_sitenote_active":false,"_monsterinsights_sitenote_note":"","_monsterinsights_sitenote_category":0,"footnotes":""},"class_list":["post-101","page","type-page","status-publish","hentry"],"acf":[],"yoast_head":"<!-- This site is optimized with the Yoast SEO plugin v26.9 - https:\/\/yoast.com\/product\/yoast-seo-wordpress\/ -->\n<title>Our office location and personnel - ECRC ~ SIMEC<\/title>\n<meta name=\"robots\" content=\"index, follow, max-snippet:-1, max-image-preview:large, max-video-preview:-1\" \/>\n<link rel=\"canonical\" href=\"https:\/\/www.ecrc-simec.ca\/en\/about\/office-location-personnel\/\" \/>\n<meta property=\"og:locale\" content=\"en_US\" \/>\n<meta property=\"og:type\" content=\"article\" \/>\n<meta property=\"og:title\" content=\"Our office location and personnel - ECRC ~ SIMEC\" \/>\n<meta property=\"og:description\" content=\"Office location Great Lakes Region Corunna Atlantic Region Dartmouth, St-John&#8217;s Quebec Region Qu\u00e9bec, Sept-\u00celes, Verch\u00e8res Headquarters Office Ottawa ECRC manages 3 Regions that contain 6 staffed and equipped Response Centres\" \/>\n<meta property=\"og:url\" content=\"https:\/\/www.ecrc-simec.ca\/en\/about\/office-location-personnel\/\" \/>\n<meta property=\"og:site_name\" content=\"www.ecrc-simec.ca\" \/>\n<meta property=\"article:modified_time\" content=\"2026-02-12T15:51:06+00:00\" \/>\n<meta property=\"og:image\" content=\"http:\/\/www.ecrc.ca\/wp-content\/uploads\/2013\/10\/map.png\" \/>\n<meta name=\"twitter:label1\" content=\"Est. reading time\" \/>\n\t<meta name=\"twitter:data1\" content=\"1 minute\" \/>\n<script type=\"application\/ld+json\" class=\"yoast-schema-graph\">{\"@context\":\"https:\/\/schema.org\",\"@graph\":[{\"@type\":\"WebPage\",\"@id\":\"https:\/\/www.ecrc-simec.ca\/en\/about\/office-location-personnel\/\",\"url\":\"https:\/\/www.ecrc-simec.ca\/en\/about\/office-location-personnel\/\",\"name\":\"Our office location and personnel - ECRC ~ SIMEC\",\"isPartOf\":{\"@id\":\"https:\/\/www.ecrc-simec.ca\/en\/#website\"},\"primaryImageOfPage\":{\"@id\":\"https:\/\/www.ecrc-simec.ca\/en\/about\/office-location-personnel\/#primaryimage\"},\"image\":{\"@id\":\"https:\/\/www.ecrc-simec.ca\/en\/about\/office-location-personnel\/#primaryimage\"},\"thumbnailUrl\":\"http:\/\/www.ecrc.ca\/wp-content\/uploads\/2013\/10\/map.png\",\"datePublished\":\"2013-10-09T15:11:12+00:00\",\"dateModified\":\"2026-02-12T15:51:06+00:00\",\"breadcrumb\":{\"@id\":\"https:\/\/www.ecrc-simec.ca\/en\/about\/office-location-personnel\/#breadcrumb\"},\"inLanguage\":\"en-CA\",\"potentialAction\":[{\"@type\":\"ReadAction\",\"target\":[\"https:\/\/www.ecrc-simec.ca\/en\/about\/office-location-personnel\/\"]}]},{\"@type\":\"ImageObject\",\"inLanguage\":\"en-CA\",\"@id\":\"https:\/\/www.ecrc-simec.ca\/en\/about\/office-location-personnel\/#primaryimage\",\"url\":\"http:\/\/www.ecrc.ca\/wp-content\/uploads\/2013\/10\/map.png\",\"contentUrl\":\"http:\/\/www.ecrc.ca\/wp-content\/uploads\/2013\/10\/map.png\"},{\"@type\":\"BreadcrumbList\",\"@id\":\"https:\/\/www.ecrc-simec.ca\/en\/about\/office-location-personnel\/#breadcrumb\",\"itemListElement\":[{\"@type\":\"ListItem\",\"position\":1,\"name\":\"Home\",\"item\":\"https:\/\/www.ecrc-simec.ca\/en\/\"},{\"@type\":\"ListItem\",\"position\":2,\"name\":\"About\",\"item\":\"https:\/\/www.ecrc-simec.ca\/en\/about\/\"},{\"@type\":\"ListItem\",\"position\":3,\"name\":\"Our office location and personnel\"}]},{\"@type\":\"WebSite\",\"@id\":\"https:\/\/www.ecrc-simec.ca\/en\/#website\",\"url\":\"https:\/\/www.ecrc-simec.ca\/en\/\",\"name\":\"www.ecrc-simec.ca\",\"description\":\"Just another WordPress site\",\"publisher\":{\"@id\":\"https:\/\/www.ecrc-simec.ca\/en\/#organization\"},\"potentialAction\":[{\"@type\":\"SearchAction\",\"target\":{\"@type\":\"EntryPoint\",\"urlTemplate\":\"https:\/\/www.ecrc-simec.ca\/en\/?s={search_term_string}\"},\"query-input\":{\"@type\":\"PropertyValueSpecification\",\"valueRequired\":true,\"valueName\":\"search_term_string\"}}],\"inLanguage\":\"en-CA\"},{\"@type\":\"Organization\",\"@id\":\"https:\/\/www.ecrc-simec.ca\/en\/#organization\",\"name\":\"ECRC ~ SIMEC\",\"url\":\"https:\/\/www.ecrc-simec.ca\/en\/\",\"logo\":{\"@type\":\"ImageObject\",\"inLanguage\":\"en-CA\",\"@id\":\"https:\/\/www.ecrc-simec.ca\/en\/#\/schema\/logo\/image\/\",\"url\":\"https:\/\/www.ecrc-simec.ca\/wp-content\/uploads\/2016\/08\/1.jpg\",\"contentUrl\":\"https:\/\/www.ecrc-simec.ca\/wp-content\/uploads\/2016\/08\/1.jpg\",\"width\":87,\"height\":67,\"caption\":\"ECRC ~ SIMEC\"},\"image\":{\"@id\":\"https:\/\/www.ecrc-simec.ca\/en\/#\/schema\/logo\/image\/\"}}]}<\/script>\n<!-- \/ Yoast SEO plugin. -->","yoast_head_json":{"title":"Our office location and personnel - ECRC ~ SIMEC","robots":{"index":"index","follow":"follow","max-snippet":"max-snippet:-1","max-image-preview":"max-image-preview:large","max-video-preview":"max-video-preview:-1"},"canonical":"https:\/\/www.ecrc-simec.ca\/en\/about\/office-location-personnel\/","og_locale":"en_US","og_type":"article","og_title":"Our office location and personnel - ECRC ~ SIMEC","og_description":"Office location Great Lakes Region Corunna Atlantic Region Dartmouth, St-John&#8217;s Quebec Region Qu\u00e9bec, Sept-\u00celes, Verch\u00e8res Headquarters Office Ottawa ECRC manages 3 Regions that contain 6 staffed and equipped Response Centres","og_url":"https:\/\/www.ecrc-simec.ca\/en\/about\/office-location-personnel\/","og_site_name":"www.ecrc-simec.ca","article_modified_time":"2026-02-12T15:51:06+00:00","og_image":[{"url":"http:\/\/www.ecrc.ca\/wp-content\/uploads\/2013\/10\/map.png","type":"","width":"","height":""}],"twitter_misc":{"Est. reading time":"1 minute"},"schema":{"@context":"https:\/\/schema.org","@graph":[{"@type":"WebPage","@id":"https:\/\/www.ecrc-simec.ca\/en\/about\/office-location-personnel\/","url":"https:\/\/www.ecrc-simec.ca\/en\/about\/office-location-personnel\/","name":"Our office location and personnel - ECRC ~ SIMEC","isPartOf":{"@id":"https:\/\/www.ecrc-simec.ca\/en\/#website"},"primaryImageOfPage":{"@id":"https:\/\/www.ecrc-simec.ca\/en\/about\/office-location-personnel\/#primaryimage"},"image":{"@id":"https:\/\/www.ecrc-simec.ca\/en\/about\/office-location-personnel\/#primaryimage"},"thumbnailUrl":"http:\/\/www.ecrc.ca\/wp-content\/uploads\/2013\/10\/map.png","datePublished":"2013-10-09T15:11:12+00:00","dateModified":"2026-02-12T15:51:06+00:00","breadcrumb":{"@id":"https:\/\/www.ecrc-simec.ca\/en\/about\/office-location-personnel\/#breadcrumb"},"inLanguage":"en-CA","potentialAction":[{"@type":"ReadAction","target":["https:\/\/www.ecrc-simec.ca\/en\/about\/office-location-personnel\/"]}]},{"@type":"ImageObject","inLanguage":"en-CA","@id":"https:\/\/www.ecrc-simec.ca\/en\/about\/office-location-personnel\/#primaryimage","url":"http:\/\/www.ecrc.ca\/wp-content\/uploads\/2013\/10\/map.png","contentUrl":"http:\/\/www.ecrc.ca\/wp-content\/uploads\/2013\/10\/map.png"},{"@type":"BreadcrumbList","@id":"https:\/\/www.ecrc-simec.ca\/en\/about\/office-location-personnel\/#breadcrumb","itemListElement":[{"@type":"ListItem","position":1,"name":"Home","item":"https:\/\/www.ecrc-simec.ca\/en\/"},{"@type":"ListItem","position":2,"name":"About","item":"https:\/\/www.ecrc-simec.ca\/en\/about\/"},{"@type":"ListItem","position":3,"name":"Our office location and personnel"}]},{"@type":"WebSite","@id":"https:\/\/www.ecrc-simec.ca\/en\/#website","url":"https:\/\/www.ecrc-simec.ca\/en\/","name":"www.ecrc-simec.ca","description":"Just another WordPress site","publisher":{"@id":"https:\/\/www.ecrc-simec.ca\/en\/#organization"},"potentialAction":[{"@type":"SearchAction","target":{"@type":"EntryPoint","urlTemplate":"https:\/\/www.ecrc-simec.ca\/en\/?s={search_term_string}"},"query-input":{"@type":"PropertyValueSpecification","valueRequired":true,"valueName":"search_term_string"}}],"inLanguage":"en-CA"},{"@type":"Organization","@id":"https:\/\/www.ecrc-simec.ca\/en\/#organization","name":"ECRC ~ SIMEC","url":"https:\/\/www.ecrc-simec.ca\/en\/","logo":{"@type":"ImageObject","inLanguage":"en-CA","@id":"https:\/\/www.ecrc-simec.ca\/en\/#\/schema\/logo\/image\/","url":"https:\/\/www.ecrc-simec.ca\/wp-content\/uploads\/2016\/08\/1.jpg","contentUrl":"https:\/\/www.ecrc-simec.ca\/wp-content\/uploads\/2016\/08\/1.jpg","width":87,"height":67,"caption":"ECRC ~ SIMEC"},"image":{"@id":"https:\/\/www.ecrc-simec.ca\/en\/#\/schema\/logo\/image\/"}}]}},"_links":{"self":[{"href":"https:\/\/www.ecrc-simec.ca\/en\/wp-json\/wp\/v2\/pages\/101","targetHints":{"allow":["GET"]}}],"collection":[{"href":"https:\/\/www.ecrc-simec.ca\/en\/wp-json\/wp\/v2\/pages"}],"about":[{"href":"https:\/\/www.ecrc-simec.ca\/en\/wp-json\/wp\/v2\/types\/page"}],"author":[{"embeddable":true,"href":"https:\/\/www.ecrc-simec.ca\/en\/wp-json\/wp\/v2\/users\/1"}],"replies":[{"embeddable":true,"href":"https:\/\/www.ecrc-simec.ca\/en\/wp-json\/wp\/v2\/comments?post=101"}],"version-history":[{"count":1,"href":"https:\/\/www.ecrc-simec.ca\/en\/wp-json\/wp\/v2\/pages\/101\/revisions"}],"predecessor-version":[{"id":4362,"href":"https:\/\/www.ecrc-simec.ca\/en\/wp-json\/wp\/v2\/pages\/101\/revisions\/4362"}],"up":[{"embeddable":true,"href":"https:\/\/www.ecrc-simec.ca\/en\/wp-json\/wp\/v2\/pages\/83"}],"wp:attachment":[{"href":"https:\/\/www.ecrc-simec.ca\/en\/wp-json\/wp\/v2\/media?parent=101"}],"curies":[{"name":"wp","href":"https:\/\/api.w.org\/{rel}","templated":true}]}}