{"id":590,"date":"2013-10-24T10:23:11","date_gmt":"2013-10-24T14:23:11","guid":{"rendered":"http:\/\/www.ecrc.ca\/contact-us-2\/"},"modified":"2025-11-21T08:59:47","modified_gmt":"2025-11-21T13:59:47","slug":"nous-joindre","status":"publish","type":"page","link":"https:\/\/www.ecrc-simec.ca\/fr\/nous-joindre\/","title":{"rendered":"Nous joindre"},"content":{"rendered":"<table>\n<tbody>\n<tr>\n<th>Contrats<\/th>\n<td><a href=\"mailto:contracts@ecrc-simec.ca\">contracts@ecrc-simec.ca<\/a><\/td>\n<td>Immatriculation des navires &#038; renouvellements de contrats<\/td>\n<\/tr>\n<tr>\n<th>Comptabilit\u00e9<\/th>\n<td><a href=\"mailto:comptabilite@ecrc-simec.ca\">comptabilite@ecrc-simec.ca<\/a><\/td>\n<td>Questions g\u00e9n\u00e9rales de facturation et de comptabilit\u00e9<\/td>\n<\/tr>\n<tr>\n<th>Comptabilit\u00e9 de projet<\/th>\n<td><a href=\"mailto:accounting.project@ecrc-simec.ca\">accounting.project@ecrc-simec.ca<\/a><\/td>\n<td>Facturation de projet, factures &#038; questions connexes<\/td>\n<\/tr>\n<tr>\n<th>Info G\u00e9n\u00e9rales<\/th>\n<td><a href=\"mailto:info_general@ecrc-simec.ca\">info_general@ecrc-simec.ca<\/a><\/td>\n<td>Toutes autres demandes<\/td>\n<\/tr>\n<\/tbody>\n<\/table>\n<div style=\"padding-top: 20px; padding-bottom: 20px;\">\n<h4>Pour toute autre information, s\u00e9lectionnez l\u2019emplacement d\u00e9sir\u00e9 afin d\u2019en apprendre plus et nous rejoindre.<\/h4>\n<\/div>\n","protected":false},"excerpt":{"rendered":"<p>Contrats contracts@ecrc-simec.ca Immatriculation des navires &#038; renouvellements de contrats Comptabilit\u00e9 comptabilite@ecrc-simec.ca Questions g\u00e9n\u00e9rales de facturation et de comptabilit\u00e9 Comptabilit\u00e9 de projet accounting.project@ecrc-simec.ca Facturation de projet, factures &#038; questions connexes Info G\u00e9n\u00e9rales info_general@ecrc-simec.ca Toutes autres demandes Pour toute autre information, s\u00e9lectionnez l\u2019emplacement d\u00e9sir\u00e9 afin d\u2019en apprendre plus et nous rejoindre.<\/p>\n","protected":false},"author":1,"featured_media":0,"parent":0,"menu_order":7,"comment_status":"closed","ping_status":"closed","template":"page-contactus.php","meta":{"_acf_changed":false,"_monsterinsights_skip_tracking":false,"_monsterinsights_sitenote_active":false,"_monsterinsights_sitenote_note":"","_monsterinsights_sitenote_category":0,"footnotes":""},"class_list":["post-590","page","type-page","status-publish","hentry"],"acf":[],"yoast_head":"<!-- This site is optimized with the Yoast SEO plugin v26.9 - https:\/\/yoast.com\/product\/yoast-seo-wordpress\/ -->\n<title>Nous joindre - SIMEC ~ ECRC<\/title>\n<meta name=\"robots\" content=\"index, follow, max-snippet:-1, max-image-preview:large, max-video-preview:-1\" \/>\n<link rel=\"canonical\" href=\"https:\/\/www.ecrc-simec.ca\/fr\/nous-joindre\/\" \/>\n<meta property=\"og:locale\" content=\"fr_CA\" \/>\n<meta property=\"og:type\" content=\"article\" \/>\n<meta property=\"og:title\" content=\"Nous joindre - SIMEC ~ ECRC\" \/>\n<meta property=\"og:description\" content=\"Contrats contracts@ecrc-simec.ca Immatriculation des navires &#038; renouvellements de contrats Comptabilit\u00e9 comptabilite@ecrc-simec.ca Questions g\u00e9n\u00e9rales de facturation et de comptabilit\u00e9 Comptabilit\u00e9 de projet accounting.project@ecrc-simec.ca Facturation de projet, factures &#038; questions connexes Info G\u00e9n\u00e9rales info_general@ecrc-simec.ca Toutes autres demandes Pour toute autre information, s\u00e9lectionnez l\u2019emplacement d\u00e9sir\u00e9 afin d\u2019en apprendre plus et nous rejoindre.\" \/>\n<meta property=\"og:url\" content=\"https:\/\/www.ecrc-simec.ca\/fr\/nous-joindre\/\" \/>\n<meta property=\"og:site_name\" content=\"www.ecrc-simec.ca\" \/>\n<meta property=\"article:modified_time\" content=\"2025-11-21T13:59:47+00:00\" \/>\n<meta name=\"twitter:label1\" content=\"Estimation du temps de lecture\" \/>\n\t<meta name=\"twitter:data1\" content=\"1 minute\" \/>\n<script type=\"application\/ld+json\" class=\"yoast-schema-graph\">{\"@context\":\"https:\/\/schema.org\",\"@graph\":[{\"@type\":\"WebPage\",\"@id\":\"https:\/\/www.ecrc-simec.ca\/fr\/nous-joindre\/\",\"url\":\"https:\/\/www.ecrc-simec.ca\/fr\/nous-joindre\/\",\"name\":\"Nous joindre - SIMEC ~ ECRC\",\"isPartOf\":{\"@id\":\"https:\/\/www.ecrc-simec.ca\/en\/#website\"},\"datePublished\":\"2013-10-24T14:23:11+00:00\",\"dateModified\":\"2025-11-21T13:59:47+00:00\",\"breadcrumb\":{\"@id\":\"https:\/\/www.ecrc-simec.ca\/fr\/nous-joindre\/#breadcrumb\"},\"inLanguage\":\"fr-CA\",\"potentialAction\":[{\"@type\":\"ReadAction\",\"target\":[\"https:\/\/www.ecrc-simec.ca\/fr\/nous-joindre\/\"]}]},{\"@type\":\"BreadcrumbList\",\"@id\":\"https:\/\/www.ecrc-simec.ca\/fr\/nous-joindre\/#breadcrumb\",\"itemListElement\":[{\"@type\":\"ListItem\",\"position\":1,\"name\":\"Home\",\"item\":\"https:\/\/www.ecrc-simec.ca\/fr\/\"},{\"@type\":\"ListItem\",\"position\":2,\"name\":\"Nous joindre\"}]},{\"@type\":\"WebSite\",\"@id\":\"https:\/\/www.ecrc-simec.ca\/en\/#website\",\"url\":\"https:\/\/www.ecrc-simec.ca\/en\/\",\"name\":\"www.ecrc-simec.ca\",\"description\":\"Just another WordPress site\",\"publisher\":{\"@id\":\"https:\/\/www.ecrc-simec.ca\/en\/#organization\"},\"potentialAction\":[{\"@type\":\"SearchAction\",\"target\":{\"@type\":\"EntryPoint\",\"urlTemplate\":\"https:\/\/www.ecrc-simec.ca\/en\/?s={search_term_string}\"},\"query-input\":{\"@type\":\"PropertyValueSpecification\",\"valueRequired\":true,\"valueName\":\"search_term_string\"}}],\"inLanguage\":\"fr-CA\"},{\"@type\":\"Organization\",\"@id\":\"https:\/\/www.ecrc-simec.ca\/en\/#organization\",\"name\":\"ECRC ~ SIMEC\",\"url\":\"https:\/\/www.ecrc-simec.ca\/en\/\",\"logo\":{\"@type\":\"ImageObject\",\"inLanguage\":\"fr-CA\",\"@id\":\"https:\/\/www.ecrc-simec.ca\/en\/#\/schema\/logo\/image\/\",\"url\":\"https:\/\/www.ecrc-simec.ca\/wp-content\/uploads\/2016\/08\/1.jpg\",\"contentUrl\":\"https:\/\/www.ecrc-simec.ca\/wp-content\/uploads\/2016\/08\/1.jpg\",\"width\":87,\"height\":67,\"caption\":\"ECRC ~ SIMEC\"},\"image\":{\"@id\":\"https:\/\/www.ecrc-simec.ca\/en\/#\/schema\/logo\/image\/\"}}]}<\/script>\n<!-- \/ Yoast SEO plugin. -->","yoast_head_json":{"title":"Nous joindre - SIMEC ~ ECRC","robots":{"index":"index","follow":"follow","max-snippet":"max-snippet:-1","max-image-preview":"max-image-preview:large","max-video-preview":"max-video-preview:-1"},"canonical":"https:\/\/www.ecrc-simec.ca\/fr\/nous-joindre\/","og_locale":"fr_CA","og_type":"article","og_title":"Nous joindre - SIMEC ~ ECRC","og_description":"Contrats contracts@ecrc-simec.ca Immatriculation des navires &#038; renouvellements de contrats Comptabilit\u00e9 comptabilite@ecrc-simec.ca Questions g\u00e9n\u00e9rales de facturation et de comptabilit\u00e9 Comptabilit\u00e9 de projet accounting.project@ecrc-simec.ca Facturation de projet, factures &#038; questions connexes Info G\u00e9n\u00e9rales info_general@ecrc-simec.ca Toutes autres demandes Pour toute autre information, s\u00e9lectionnez l\u2019emplacement d\u00e9sir\u00e9 afin d\u2019en apprendre plus et nous rejoindre.","og_url":"https:\/\/www.ecrc-simec.ca\/fr\/nous-joindre\/","og_site_name":"www.ecrc-simec.ca","article_modified_time":"2025-11-21T13:59:47+00:00","twitter_misc":{"Estimation du temps de lecture":"1 minute"},"schema":{"@context":"https:\/\/schema.org","@graph":[{"@type":"WebPage","@id":"https:\/\/www.ecrc-simec.ca\/fr\/nous-joindre\/","url":"https:\/\/www.ecrc-simec.ca\/fr\/nous-joindre\/","name":"Nous joindre - SIMEC ~ ECRC","isPartOf":{"@id":"https:\/\/www.ecrc-simec.ca\/en\/#website"},"datePublished":"2013-10-24T14:23:11+00:00","dateModified":"2025-11-21T13:59:47+00:00","breadcrumb":{"@id":"https:\/\/www.ecrc-simec.ca\/fr\/nous-joindre\/#breadcrumb"},"inLanguage":"fr-CA","potentialAction":[{"@type":"ReadAction","target":["https:\/\/www.ecrc-simec.ca\/fr\/nous-joindre\/"]}]},{"@type":"BreadcrumbList","@id":"https:\/\/www.ecrc-simec.ca\/fr\/nous-joindre\/#breadcrumb","itemListElement":[{"@type":"ListItem","position":1,"name":"Home","item":"https:\/\/www.ecrc-simec.ca\/fr\/"},{"@type":"ListItem","position":2,"name":"Nous joindre"}]},{"@type":"WebSite","@id":"https:\/\/www.ecrc-simec.ca\/en\/#website","url":"https:\/\/www.ecrc-simec.ca\/en\/","name":"www.ecrc-simec.ca","description":"Just another WordPress site","publisher":{"@id":"https:\/\/www.ecrc-simec.ca\/en\/#organization"},"potentialAction":[{"@type":"SearchAction","target":{"@type":"EntryPoint","urlTemplate":"https:\/\/www.ecrc-simec.ca\/en\/?s={search_term_string}"},"query-input":{"@type":"PropertyValueSpecification","valueRequired":true,"valueName":"search_term_string"}}],"inLanguage":"fr-CA"},{"@type":"Organization","@id":"https:\/\/www.ecrc-simec.ca\/en\/#organization","name":"ECRC ~ SIMEC","url":"https:\/\/www.ecrc-simec.ca\/en\/","logo":{"@type":"ImageObject","inLanguage":"fr-CA","@id":"https:\/\/www.ecrc-simec.ca\/en\/#\/schema\/logo\/image\/","url":"https:\/\/www.ecrc-simec.ca\/wp-content\/uploads\/2016\/08\/1.jpg","contentUrl":"https:\/\/www.ecrc-simec.ca\/wp-content\/uploads\/2016\/08\/1.jpg","width":87,"height":67,"caption":"ECRC ~ SIMEC"},"image":{"@id":"https:\/\/www.ecrc-simec.ca\/en\/#\/schema\/logo\/image\/"}}]}},"_links":{"self":[{"href":"https:\/\/www.ecrc-simec.ca\/fr\/wp-json\/wp\/v2\/pages\/590","targetHints":{"allow":["GET"]}}],"collection":[{"href":"https:\/\/www.ecrc-simec.ca\/fr\/wp-json\/wp\/v2\/pages"}],"about":[{"href":"https:\/\/www.ecrc-simec.ca\/fr\/wp-json\/wp\/v2\/types\/page"}],"author":[{"embeddable":true,"href":"https:\/\/www.ecrc-simec.ca\/fr\/wp-json\/wp\/v2\/users\/1"}],"replies":[{"embeddable":true,"href":"https:\/\/www.ecrc-simec.ca\/fr\/wp-json\/wp\/v2\/comments?post=590"}],"version-history":[{"count":1,"href":"https:\/\/www.ecrc-simec.ca\/fr\/wp-json\/wp\/v2\/pages\/590\/revisions"}],"predecessor-version":[{"id":4305,"href":"https:\/\/www.ecrc-simec.ca\/fr\/wp-json\/wp\/v2\/pages\/590\/revisions\/4305"}],"wp:attachment":[{"href":"https:\/\/www.ecrc-simec.ca\/fr\/wp-json\/wp\/v2\/media?parent=590"}],"curies":[{"name":"wp","href":"https:\/\/api.w.org\/{rel}","templated":true}]}}