{"id":601,"date":"2013-10-24T10:59:49","date_gmt":"2013-10-24T14:59:49","guid":{"rendered":"http:\/\/www.ecrc.ca\/career-opportunities-2\/"},"modified":"2026-03-06T08:38:58","modified_gmt":"2026-03-06T13:38:58","slug":"opportunites-de-carrieres","status":"publish","type":"page","link":"https:\/\/www.ecrc-simec.ca\/fr\/opportunites-de-carrieres\/","title":{"rendered":"Opportunit\u00e9s de carri\u00e8re"},"content":{"rendered":"<p>La SIMEC fournit des services de pr\u00e9paration \u00e0 l\u2019intervention ainsi que des services d&rsquo;intervention maritime en cas de d\u00e9versement p\u00e9trolier, sur demande, \u00e0 nos membres, \u00e0 la Garde c\u00f4ti\u00e8re canadienne ou \u00e0 tout autre organisme gouvernemental responsable. La SIMEC cherche \u00e0 fournir des services \u00e0 la fois fiable et rentable \u00e0 ses membres.<\/p>\n<p>Si tu es int\u00e9ress\u00e9 dans une carri\u00e8re enrichissante et aime les d\u00e9fis fait nous part de tes int\u00e9r\u00eats et envois nous ton r\u00e9sum\u00e9 au ;<\/p>\n<p><strong>275 rue Slater, suite 1201<\/strong><\/p>\n<p>Ottawa, Ontario<br \/>\nK1P 5H9<br \/>\nT\u00e9l : (613) 230-7369<br \/>\nT\u00e9l\u00e9c. : (613) 230-7344<br \/>\n<a href=\"mailto:general_info@ecrc-simec.ca\">general_info@ecrc-simec.ca<\/a><\/p>\n<h3>Opportunit\u00e9s de carri\u00e8re<\/h3>\n        <div class=\"career-opportunities\">\n                            <div class=\"career-opportunity\">                    \n                    \n                    <p class=\"career-opportunity-title\"><a href=\"https:\/\/www.ecrc-simec.ca\/wp-content\/uploads\/2025\/11\/ecrc-planning-specialist-bilingual-description.pdf\" class=\"pdf-link\" target=\"_blank\">Sp\u00e9cialiste en planification<br>Location : Opportunit\u00e9s disponibles \u00e0 plusieurs endroits, renseignez-vous sur place.<\/a><\/p>\n                    \n                                            <p><a href=\"https:\/\/www.ecrc-simec.ca\/wp-content\/uploads\/2025\/11\/ecrc-planning-specialist-bilingual-description.pdf\" class=\"pdf-link\" target=\"_blank\"><img decoding=\"async\" src=\"https:\/\/www.ecrc-simec.ca\/wp-content\/uploads\/2025\/11\/ecrc-job-poster-planning-spec-FR.jpg\" alt=\"Sp\u00e9cialiste en planification\"><\/a><\/p>\n                                    <\/div>\n                            <div class=\"career-opportunity\">                    \n                    \n                    <p class=\"career-opportunity-title\"><a href=\"https:\/\/www.ecrc-simec.ca\/wp-content\/uploads\/2025\/11\/ecrc-training-dev-specialist-bilingual-description.pdf\" class=\"pdf-link\" target=\"_blank\">Sp\u00e9cialiste en formation et d\u00e9veloppement<br>Location : Opportunit\u00e9s disponibles \u00e0 plusieurs endroits, renseignez-vous sur place.<\/a><\/p>\n                    \n                                            <p><a href=\"https:\/\/www.ecrc-simec.ca\/wp-content\/uploads\/2025\/11\/ecrc-training-dev-specialist-bilingual-description.pdf\" class=\"pdf-link\" target=\"_blank\"><img decoding=\"async\" src=\"https:\/\/www.ecrc-simec.ca\/wp-content\/uploads\/2025\/11\/ecrc-job-poster-TD-FR.jpg\" alt=\"Sp\u00e9cialiste en formation et d\u00e9veloppement\"><\/a><\/p>\n                                    <\/div>\n                            <div class=\"career-opportunity\">                    \n                    \n                    <p class=\"career-opportunity-title\"><a href=\"https:\/\/www.ecrc-simec.ca\/wp-content\/uploads\/2025\/07\/12-Ops-support_VER-EN-FR.pdf\" class=\"pdf-link\" target=\"_blank\">Soutien aux op\u00e9rations<br>Location : Vercheres, QC<\/a><\/p>\n                    \n                                            <p><a href=\"https:\/\/www.ecrc-simec.ca\/wp-content\/uploads\/2025\/07\/12-Ops-support_VER-EN-FR.pdf\" class=\"pdf-link\" target=\"_blank\"><img decoding=\"async\" src=\"https:\/\/www.ecrc-simec.ca\/wp-content\/uploads\/2025\/07\/12-Job-Poster_Ops-support_VER-FR.jpg\" alt=\"Soutien aux op\u00e9rations\"><\/a><\/p>\n                                    <\/div>\n                            <div class=\"career-opportunity\">                    \n                    \n                    <p class=\"career-opportunity-title\"><a href=\"https:\/\/www.ecrc-simec.ca\/wp-content\/uploads\/2025\/08\/13-Ops-support_SI_ENFR.pdf\" class=\"pdf-link\" target=\"_blank\">Soutien aux op\u00e9rations<br>Location : Sept-\u00celes, QC<\/a><\/p>\n                    \n                                            <p><a href=\"https:\/\/www.ecrc-simec.ca\/wp-content\/uploads\/2025\/08\/13-Ops-support_SI_ENFR.pdf\" class=\"pdf-link\" target=\"_blank\"><img decoding=\"async\" src=\"https:\/\/www.ecrc-simec.ca\/wp-content\/uploads\/2025\/08\/13-Job-Poster_Ops-support_-SeptIlesfr.jpg\" alt=\"Soutien aux op\u00e9rations\"><\/a><\/p>\n                                    <\/div>\n                            <div class=\"career-opportunity\">                    \n                    \n                    <p class=\"career-opportunity-title\"><a href=\"https:\/\/www.ecrc-simec.ca\/wp-content\/uploads\/2025\/10\/ecrc-HSE-manager-bilingual.pdf\" class=\"pdf-link\" target=\"_blank\">Responsable sant\u00e9, s\u00e9curit\u00e9 et environnement<br>Location : Si\u00e8ge social<\/a><\/p>\n                    \n                                            <p><a href=\"https:\/\/www.ecrc-simec.ca\/wp-content\/uploads\/2025\/10\/ecrc-HSE-manager-bilingual.pdf\" class=\"pdf-link\" target=\"_blank\"><img decoding=\"async\" src=\"https:\/\/www.ecrc-simec.ca\/wp-content\/uploads\/2025\/10\/ecrc-job-poster-HSE-fr.jpg\" alt=\"Responsable sant\u00e9, s\u00e9curit\u00e9 et environnement\"><\/a><\/p>\n                                    <\/div>\n                            <div class=\"career-opportunity\">                    \n                    \n                    <p class=\"career-opportunity-title\"><a href=\"https:\/\/www.ecrc-simec.ca\/wp-content\/uploads\/2025\/11\/ecrc-ops-support-QC.pdf\" class=\"pdf-link\" target=\"_blank\">Soutien aux op\u00e9rations<br>Location : Qu\u00e9bec, QC<\/a><\/p>\n                    \n                                            <p><a href=\"https:\/\/www.ecrc-simec.ca\/wp-content\/uploads\/2025\/11\/ecrc-ops-support-QC.pdf\" class=\"pdf-link\" target=\"_blank\"><img decoding=\"async\" src=\"https:\/\/www.ecrc-simec.ca\/wp-content\/uploads\/2025\/11\/ecrc-job-poster-ops-qc-fr.jpg\" alt=\"Soutien aux op\u00e9rations\"><\/a><\/p>\n                                    <\/div>\n                            <div class=\"career-opportunity\">                    \n                    \n                    <p class=\"career-opportunity-title\"><a href=\"https:\/\/www.ecrc-simec.ca\/wp-content\/uploads\/2026\/02\/ECRC-job-poster-maintenance-support_FR.pdf\" class=\"pdf-link\" target=\"_blank\">Support \u00e0 la maintenance<br>Location : Centre d&#039;intervention Corunna<\/a><\/p>\n                    \n                                            <p><a href=\"https:\/\/www.ecrc-simec.ca\/wp-content\/uploads\/2026\/02\/ECRC-job-poster-maintenance-support_FR.pdf\" class=\"pdf-link\" target=\"_blank\"><img decoding=\"async\" src=\"https:\/\/www.ecrc-simec.ca\/wp-content\/uploads\/2026\/02\/ECRC-job-poster-maintenance-support_FR.jpg\" alt=\"Support \u00e0 la maintenance\"><\/a><\/p>\n                                    <\/div>\n                            <div class=\"career-opportunity\">                    \n                    \n                    <p class=\"career-opportunity-title\"><a href=\"https:\/\/www.ecrc-simec.ca\/wp-content\/uploads\/2026\/02\/ECRC-job-poster-ops-support_FR.pdf\" class=\"pdf-link\" target=\"_blank\">Soutien aux op\u00e9rations<br>Location : Centre d&#039;intervention Corunna<\/a><\/p>\n                    \n                                            <p><a href=\"https:\/\/www.ecrc-simec.ca\/wp-content\/uploads\/2026\/02\/ECRC-job-poster-ops-support_FR.pdf\" class=\"pdf-link\" target=\"_blank\"><img decoding=\"async\" src=\"https:\/\/www.ecrc-simec.ca\/wp-content\/uploads\/2026\/02\/ECRC-job-poster-ops-support_FR-scaled.jpg\" alt=\"Soutien aux op\u00e9rations\"><\/a><\/p>\n                                    <\/div>\n                            <div class=\"career-opportunity\">                    \n                    \n                    <p class=\"career-opportunity-title\"><a href=\"https:\/\/www.ecrc-simec.ca\/wp-content\/uploads\/2026\/03\/ecrc-job-poster-accountant-materialmgt-fr.pdf\" class=\"pdf-link\" target=\"_blank\">Comptable de projet, actifs materiels et logistiques<br>Location : Opportunit\u00e9s disponibles \u00e0 plusieurs endroits, renseignez-vous sur place.<\/a><\/p>\n                    \n                                            <p><a href=\"https:\/\/www.ecrc-simec.ca\/wp-content\/uploads\/2026\/03\/ecrc-job-poster-accountant-materialmgt-fr.pdf\" class=\"pdf-link\" target=\"_blank\"><img decoding=\"async\" src=\"https:\/\/www.ecrc-simec.ca\/wp-content\/uploads\/2026\/03\/ecrc-job-poster-accountant-materialmgt-fr.jpg\" alt=\"Comptable de projet, actifs materiels et logistiques\"><\/a><\/p>\n                                    <\/div>\n                    <\/div>\n        \n","protected":false},"excerpt":{"rendered":"<p>La SIMEC fournit des services de pr\u00e9paration \u00e0 l\u2019intervention ainsi que des services d&rsquo;intervention maritime en cas de d\u00e9versement p\u00e9trolier, sur demande, \u00e0 nos membres, \u00e0 la Garde c\u00f4ti\u00e8re canadienne ou \u00e0 tout autre organisme gouvernemental responsable. La SIMEC cherche \u00e0 fournir des services \u00e0 la fois fiable et rentable \u00e0 ses membres. Si tu [&hellip;]<\/p>\n","protected":false},"author":1,"featured_media":0,"parent":0,"menu_order":10,"comment_status":"closed","ping_status":"closed","template":"page-singlepage.php","meta":{"_acf_changed":false,"_monsterinsights_skip_tracking":false,"_monsterinsights_sitenote_active":false,"_monsterinsights_sitenote_note":"","_monsterinsights_sitenote_category":0,"footnotes":""},"class_list":["post-601","page","type-page","status-publish","hentry"],"acf":[],"yoast_head":"<!-- This site is optimized with the Yoast SEO plugin v26.9 - https:\/\/yoast.com\/product\/yoast-seo-wordpress\/ -->\n<title>Opportunit\u00e9s de carri\u00e8re - SIMEC ~ ECRC<\/title>\n<meta name=\"robots\" content=\"index, follow, max-snippet:-1, max-image-preview:large, max-video-preview:-1\" \/>\n<link rel=\"canonical\" href=\"https:\/\/www.ecrc-simec.ca\/fr\/opportunites-de-carrieres\/\" \/>\n<meta property=\"og:locale\" content=\"fr_CA\" \/>\n<meta property=\"og:type\" content=\"article\" \/>\n<meta property=\"og:title\" content=\"Opportunit\u00e9s de carri\u00e8re - SIMEC ~ ECRC\" \/>\n<meta property=\"og:description\" content=\"La SIMEC fournit des services de pr\u00e9paration \u00e0 l\u2019intervention ainsi que des services d&rsquo;intervention maritime en cas de d\u00e9versement p\u00e9trolier, sur demande, \u00e0 nos membres, \u00e0 la Garde c\u00f4ti\u00e8re canadienne ou \u00e0 tout autre organisme gouvernemental responsable. La SIMEC cherche \u00e0 fournir des services \u00e0 la fois fiable et rentable \u00e0 ses membres. Si tu [&hellip;]\" \/>\n<meta property=\"og:url\" content=\"https:\/\/www.ecrc-simec.ca\/fr\/opportunites-de-carrieres\/\" \/>\n<meta property=\"og:site_name\" content=\"www.ecrc-simec.ca\" \/>\n<meta property=\"article:modified_time\" content=\"2026-03-06T13:38:58+00:00\" \/>\n<meta name=\"twitter:label1\" content=\"Estimation du temps de lecture\" \/>\n\t<meta name=\"twitter:data1\" content=\"1 minute\" \/>\n<script type=\"application\/ld+json\" class=\"yoast-schema-graph\">{\"@context\":\"https:\/\/schema.org\",\"@graph\":[{\"@type\":\"WebPage\",\"@id\":\"https:\/\/www.ecrc-simec.ca\/fr\/opportunites-de-carrieres\/\",\"url\":\"https:\/\/www.ecrc-simec.ca\/fr\/opportunites-de-carrieres\/\",\"name\":\"Opportunit\u00e9s de carri\u00e8re - SIMEC ~ ECRC\",\"isPartOf\":{\"@id\":\"https:\/\/www.ecrc-simec.ca\/en\/#website\"},\"datePublished\":\"2013-10-24T14:59:49+00:00\",\"dateModified\":\"2026-03-06T13:38:58+00:00\",\"breadcrumb\":{\"@id\":\"https:\/\/www.ecrc-simec.ca\/fr\/opportunites-de-carrieres\/#breadcrumb\"},\"inLanguage\":\"fr-CA\",\"potentialAction\":[{\"@type\":\"ReadAction\",\"target\":[\"https:\/\/www.ecrc-simec.ca\/fr\/opportunites-de-carrieres\/\"]}]},{\"@type\":\"BreadcrumbList\",\"@id\":\"https:\/\/www.ecrc-simec.ca\/fr\/opportunites-de-carrieres\/#breadcrumb\",\"itemListElement\":[{\"@type\":\"ListItem\",\"position\":1,\"name\":\"Home\",\"item\":\"https:\/\/www.ecrc-simec.ca\/fr\/\"},{\"@type\":\"ListItem\",\"position\":2,\"name\":\"Opportunit\u00e9s de carri\u00e8re\"}]},{\"@type\":\"WebSite\",\"@id\":\"https:\/\/www.ecrc-simec.ca\/en\/#website\",\"url\":\"https:\/\/www.ecrc-simec.ca\/en\/\",\"name\":\"www.ecrc-simec.ca\",\"description\":\"Just another WordPress site\",\"publisher\":{\"@id\":\"https:\/\/www.ecrc-simec.ca\/en\/#organization\"},\"potentialAction\":[{\"@type\":\"SearchAction\",\"target\":{\"@type\":\"EntryPoint\",\"urlTemplate\":\"https:\/\/www.ecrc-simec.ca\/en\/?s={search_term_string}\"},\"query-input\":{\"@type\":\"PropertyValueSpecification\",\"valueRequired\":true,\"valueName\":\"search_term_string\"}}],\"inLanguage\":\"fr-CA\"},{\"@type\":\"Organization\",\"@id\":\"https:\/\/www.ecrc-simec.ca\/en\/#organization\",\"name\":\"ECRC ~ SIMEC\",\"url\":\"https:\/\/www.ecrc-simec.ca\/en\/\",\"logo\":{\"@type\":\"ImageObject\",\"inLanguage\":\"fr-CA\",\"@id\":\"https:\/\/www.ecrc-simec.ca\/en\/#\/schema\/logo\/image\/\",\"url\":\"https:\/\/www.ecrc-simec.ca\/wp-content\/uploads\/2016\/08\/1.jpg\",\"contentUrl\":\"https:\/\/www.ecrc-simec.ca\/wp-content\/uploads\/2016\/08\/1.jpg\",\"width\":87,\"height\":67,\"caption\":\"ECRC ~ SIMEC\"},\"image\":{\"@id\":\"https:\/\/www.ecrc-simec.ca\/en\/#\/schema\/logo\/image\/\"}}]}<\/script>\n<!-- \/ Yoast SEO plugin. -->","yoast_head_json":{"title":"Opportunit\u00e9s de carri\u00e8re - SIMEC ~ ECRC","robots":{"index":"index","follow":"follow","max-snippet":"max-snippet:-1","max-image-preview":"max-image-preview:large","max-video-preview":"max-video-preview:-1"},"canonical":"https:\/\/www.ecrc-simec.ca\/fr\/opportunites-de-carrieres\/","og_locale":"fr_CA","og_type":"article","og_title":"Opportunit\u00e9s de carri\u00e8re - SIMEC ~ ECRC","og_description":"La SIMEC fournit des services de pr\u00e9paration \u00e0 l\u2019intervention ainsi que des services d&rsquo;intervention maritime en cas de d\u00e9versement p\u00e9trolier, sur demande, \u00e0 nos membres, \u00e0 la Garde c\u00f4ti\u00e8re canadienne ou \u00e0 tout autre organisme gouvernemental responsable. La SIMEC cherche \u00e0 fournir des services \u00e0 la fois fiable et rentable \u00e0 ses membres. Si tu [&hellip;]","og_url":"https:\/\/www.ecrc-simec.ca\/fr\/opportunites-de-carrieres\/","og_site_name":"www.ecrc-simec.ca","article_modified_time":"2026-03-06T13:38:58+00:00","twitter_misc":{"Estimation du temps de lecture":"1 minute"},"schema":{"@context":"https:\/\/schema.org","@graph":[{"@type":"WebPage","@id":"https:\/\/www.ecrc-simec.ca\/fr\/opportunites-de-carrieres\/","url":"https:\/\/www.ecrc-simec.ca\/fr\/opportunites-de-carrieres\/","name":"Opportunit\u00e9s de carri\u00e8re - SIMEC ~ ECRC","isPartOf":{"@id":"https:\/\/www.ecrc-simec.ca\/en\/#website"},"datePublished":"2013-10-24T14:59:49+00:00","dateModified":"2026-03-06T13:38:58+00:00","breadcrumb":{"@id":"https:\/\/www.ecrc-simec.ca\/fr\/opportunites-de-carrieres\/#breadcrumb"},"inLanguage":"fr-CA","potentialAction":[{"@type":"ReadAction","target":["https:\/\/www.ecrc-simec.ca\/fr\/opportunites-de-carrieres\/"]}]},{"@type":"BreadcrumbList","@id":"https:\/\/www.ecrc-simec.ca\/fr\/opportunites-de-carrieres\/#breadcrumb","itemListElement":[{"@type":"ListItem","position":1,"name":"Home","item":"https:\/\/www.ecrc-simec.ca\/fr\/"},{"@type":"ListItem","position":2,"name":"Opportunit\u00e9s de carri\u00e8re"}]},{"@type":"WebSite","@id":"https:\/\/www.ecrc-simec.ca\/en\/#website","url":"https:\/\/www.ecrc-simec.ca\/en\/","name":"www.ecrc-simec.ca","description":"Just another WordPress site","publisher":{"@id":"https:\/\/www.ecrc-simec.ca\/en\/#organization"},"potentialAction":[{"@type":"SearchAction","target":{"@type":"EntryPoint","urlTemplate":"https:\/\/www.ecrc-simec.ca\/en\/?s={search_term_string}"},"query-input":{"@type":"PropertyValueSpecification","valueRequired":true,"valueName":"search_term_string"}}],"inLanguage":"fr-CA"},{"@type":"Organization","@id":"https:\/\/www.ecrc-simec.ca\/en\/#organization","name":"ECRC ~ SIMEC","url":"https:\/\/www.ecrc-simec.ca\/en\/","logo":{"@type":"ImageObject","inLanguage":"fr-CA","@id":"https:\/\/www.ecrc-simec.ca\/en\/#\/schema\/logo\/image\/","url":"https:\/\/www.ecrc-simec.ca\/wp-content\/uploads\/2016\/08\/1.jpg","contentUrl":"https:\/\/www.ecrc-simec.ca\/wp-content\/uploads\/2016\/08\/1.jpg","width":87,"height":67,"caption":"ECRC ~ SIMEC"},"image":{"@id":"https:\/\/www.ecrc-simec.ca\/en\/#\/schema\/logo\/image\/"}}]}},"_links":{"self":[{"href":"https:\/\/www.ecrc-simec.ca\/fr\/wp-json\/wp\/v2\/pages\/601","targetHints":{"allow":["GET"]}}],"collection":[{"href":"https:\/\/www.ecrc-simec.ca\/fr\/wp-json\/wp\/v2\/pages"}],"about":[{"href":"https:\/\/www.ecrc-simec.ca\/fr\/wp-json\/wp\/v2\/types\/page"}],"author":[{"embeddable":true,"href":"https:\/\/www.ecrc-simec.ca\/fr\/wp-json\/wp\/v2\/users\/1"}],"replies":[{"embeddable":true,"href":"https:\/\/www.ecrc-simec.ca\/fr\/wp-json\/wp\/v2\/comments?post=601"}],"version-history":[{"count":10,"href":"https:\/\/www.ecrc-simec.ca\/fr\/wp-json\/wp\/v2\/pages\/601\/revisions"}],"predecessor-version":[{"id":4477,"href":"https:\/\/www.ecrc-simec.ca\/fr\/wp-json\/wp\/v2\/pages\/601\/revisions\/4477"}],"wp:attachment":[{"href":"https:\/\/www.ecrc-simec.ca\/fr\/wp-json\/wp\/v2\/media?parent=601"}],"curies":[{"name":"wp","href":"https:\/\/api.w.org\/{rel}","templated":true}]}}