{"id":666,"date":"2013-11-06T09:02:23","date_gmt":"2013-11-06T14:02:23","guid":{"rendered":"http:\/\/www.ecrc.ca\/services-et-tarifs\/offshore-program\/"},"modified":"2022-06-28T14:32:22","modified_gmt":"2022-06-28T18:32:22","slug":"programme-extra-cotier","status":"publish","type":"page","link":"https:\/\/www.ecrc-simec.ca\/fr\/services-et-tarifs\/programme-extra-cotier\/","title":{"rendered":"Programme extra-c\u00f4tier"},"content":{"rendered":"<h2>Programme extra-c\u00f4tier de pr\u00e9paration en cas de d\u00e9versements d&rsquo;hydrocarbure<\/h2>\n<p>ECRC-SIMEC administre\u00a0<i>le Programme Extra-c\u00f4tier de Pr\u00e9paration en Cas de D\u00e9versements d\u2019Hydrocarbure\u00a0<\/i>pour le compte des op\u00e9rateurs de production extra-c\u00f4ti\u00e8re de Terre-Neuve-et-Labrador: Les Propri\u00e9t\u00e9s d\u2019ExxonMobil Canada,\u00a0la\u00a0Soci\u00e9t\u00e9 de gestion et de d\u00e9veloppement d&rsquo;Hibernia\u00a0(HMDC), Cenovus Energy Inc. et Suncor Energy Inc.<\/p>\n<p>Les principales composantes du programme sont :<\/p>\n<ul>\n<li>Bas\u00e9 sur les Navires (Niveau 1) Maintenance et v\u00e9rification des inventaires d&rsquo;\u00e9quipement d&rsquo;intervention;<\/li>\n<li>Bas\u00e9 au sol (Niveau 2) Maintenance et entreposage de l&rsquo;\u00e9quipement de lutte contre les d\u00e9versements d&rsquo;hydrocarbures;<\/li>\n<li>Formation des membres d&rsquo;\u00e9quipage sur les navires de support extra-c\u00f4tier;<\/li>\n<li>Formation d&rsquo;entrepreneurs d&rsquo;intervention.<\/li>\n<\/ul>\n<p>Le programme extra-c\u00f4tier est enti\u00e8rement financ\u00e9 par les op\u00e9rateurs de production extra-c\u00f4ti\u00e8re et est soutenu par du personnel d\u00e9di\u00e9 \u00e0 cette t\u00e2che au centre d&rsquo;intervention de St. John&rsquo;s. Le programme a \u00e9volu\u00e9 et s&rsquo;est adapt\u00e9 afin de r\u00e9pondre aux besoins de cette industrie en constante \u00e9volution. Il est synonyme de r\u00e9ussite depuis plus de 10 ans.<\/p>\n<p>L&rsquo;exp\u00e9rience et l&rsquo;expertise acquises \u00e0 Terre-Neuve-et-Labrador a permis \u00e0 ECRC-SIMEC d&rsquo;efficacement mettre en \u0153uvre un programme similaire en Nouvelle-\u00c9cosse afin de r\u00e9pondre aux besoins de Shell et de BP pour leurs r\u00e9centes campagnes de forage d&rsquo;exploration.<\/p>\n","protected":false},"excerpt":{"rendered":"<p>Programme extra-c\u00f4tier de pr\u00e9paration en cas de d\u00e9versements d&rsquo;hydrocarbure ECRC-SIMEC administre\u00a0le Programme Extra-c\u00f4tier de Pr\u00e9paration en Cas de D\u00e9versements d\u2019Hydrocarbure\u00a0pour le compte des op\u00e9rateurs de production extra-c\u00f4ti\u00e8re de Terre-Neuve-et-Labrador: Les Propri\u00e9t\u00e9s d\u2019ExxonMobil Canada,\u00a0la\u00a0Soci\u00e9t\u00e9 de gestion et de d\u00e9veloppement d&rsquo;Hibernia\u00a0(HMDC), Cenovus Energy Inc. et Suncor Energy Inc. Les principales composantes du programme sont : Bas\u00e9 sur [&hellip;]<\/p>\n","protected":false},"author":1,"featured_media":0,"parent":450,"menu_order":4,"comment_status":"closed","ping_status":"closed","template":"page-singlepage.php","meta":{"_acf_changed":false,"_monsterinsights_skip_tracking":false,"_monsterinsights_sitenote_active":false,"_monsterinsights_sitenote_note":"","_monsterinsights_sitenote_category":0,"footnotes":""},"class_list":["post-666","page","type-page","status-publish","hentry"],"acf":[],"yoast_head":"<!-- This site is optimized with the Yoast SEO plugin v26.9 - https:\/\/yoast.com\/product\/yoast-seo-wordpress\/ -->\n<title>Programme extra-c\u00f4tier - SIMEC ~ ECRC<\/title>\n<meta name=\"robots\" content=\"index, follow, max-snippet:-1, max-image-preview:large, max-video-preview:-1\" \/>\n<link rel=\"canonical\" href=\"https:\/\/www.ecrc-simec.ca\/fr\/services-et-tarifs\/programme-extra-cotier\/\" \/>\n<meta property=\"og:locale\" content=\"fr_CA\" \/>\n<meta property=\"og:type\" content=\"article\" \/>\n<meta property=\"og:title\" content=\"Programme extra-c\u00f4tier - SIMEC ~ ECRC\" \/>\n<meta property=\"og:description\" content=\"Programme extra-c\u00f4tier de pr\u00e9paration en cas de d\u00e9versements d&rsquo;hydrocarbure ECRC-SIMEC administre\u00a0le Programme Extra-c\u00f4tier de Pr\u00e9paration en Cas de D\u00e9versements d\u2019Hydrocarbure\u00a0pour le compte des op\u00e9rateurs de production extra-c\u00f4ti\u00e8re de Terre-Neuve-et-Labrador: Les Propri\u00e9t\u00e9s d\u2019ExxonMobil Canada,\u00a0la\u00a0Soci\u00e9t\u00e9 de gestion et de d\u00e9veloppement d&rsquo;Hibernia\u00a0(HMDC), Cenovus Energy Inc. et Suncor Energy Inc. Les principales composantes du programme sont : Bas\u00e9 sur [&hellip;]\" \/>\n<meta property=\"og:url\" content=\"https:\/\/www.ecrc-simec.ca\/fr\/services-et-tarifs\/programme-extra-cotier\/\" \/>\n<meta property=\"og:site_name\" content=\"www.ecrc-simec.ca\" \/>\n<meta property=\"article:modified_time\" content=\"2022-06-28T18:32:22+00:00\" \/>\n<meta name=\"twitter:label1\" content=\"Estimation du temps de lecture\" \/>\n\t<meta name=\"twitter:data1\" content=\"1 minute\" \/>\n<script type=\"application\/ld+json\" class=\"yoast-schema-graph\">{\"@context\":\"https:\/\/schema.org\",\"@graph\":[{\"@type\":\"WebPage\",\"@id\":\"https:\/\/www.ecrc-simec.ca\/fr\/services-et-tarifs\/programme-extra-cotier\/\",\"url\":\"https:\/\/www.ecrc-simec.ca\/fr\/services-et-tarifs\/programme-extra-cotier\/\",\"name\":\"Programme extra-c\u00f4tier - SIMEC ~ ECRC\",\"isPartOf\":{\"@id\":\"https:\/\/www.ecrc-simec.ca\/en\/#website\"},\"datePublished\":\"2013-11-06T14:02:23+00:00\",\"dateModified\":\"2022-06-28T18:32:22+00:00\",\"breadcrumb\":{\"@id\":\"https:\/\/www.ecrc-simec.ca\/fr\/services-et-tarifs\/programme-extra-cotier\/#breadcrumb\"},\"inLanguage\":\"fr-CA\",\"potentialAction\":[{\"@type\":\"ReadAction\",\"target\":[\"https:\/\/www.ecrc-simec.ca\/fr\/services-et-tarifs\/programme-extra-cotier\/\"]}]},{\"@type\":\"BreadcrumbList\",\"@id\":\"https:\/\/www.ecrc-simec.ca\/fr\/services-et-tarifs\/programme-extra-cotier\/#breadcrumb\",\"itemListElement\":[{\"@type\":\"ListItem\",\"position\":1,\"name\":\"Home\",\"item\":\"https:\/\/www.ecrc-simec.ca\/fr\/\"},{\"@type\":\"ListItem\",\"position\":2,\"name\":\"Services et tarifs\",\"item\":\"https:\/\/www.ecrc-simec.ca\/fr\/services-et-tarifs\/\"},{\"@type\":\"ListItem\",\"position\":3,\"name\":\"Programme extra-c\u00f4tier\"}]},{\"@type\":\"WebSite\",\"@id\":\"https:\/\/www.ecrc-simec.ca\/en\/#website\",\"url\":\"https:\/\/www.ecrc-simec.ca\/en\/\",\"name\":\"www.ecrc-simec.ca\",\"description\":\"Just another WordPress site\",\"publisher\":{\"@id\":\"https:\/\/www.ecrc-simec.ca\/en\/#organization\"},\"potentialAction\":[{\"@type\":\"SearchAction\",\"target\":{\"@type\":\"EntryPoint\",\"urlTemplate\":\"https:\/\/www.ecrc-simec.ca\/en\/?s={search_term_string}\"},\"query-input\":{\"@type\":\"PropertyValueSpecification\",\"valueRequired\":true,\"valueName\":\"search_term_string\"}}],\"inLanguage\":\"fr-CA\"},{\"@type\":\"Organization\",\"@id\":\"https:\/\/www.ecrc-simec.ca\/en\/#organization\",\"name\":\"ECRC ~ SIMEC\",\"url\":\"https:\/\/www.ecrc-simec.ca\/en\/\",\"logo\":{\"@type\":\"ImageObject\",\"inLanguage\":\"fr-CA\",\"@id\":\"https:\/\/www.ecrc-simec.ca\/en\/#\/schema\/logo\/image\/\",\"url\":\"https:\/\/www.ecrc-simec.ca\/wp-content\/uploads\/2016\/08\/1.jpg\",\"contentUrl\":\"https:\/\/www.ecrc-simec.ca\/wp-content\/uploads\/2016\/08\/1.jpg\",\"width\":87,\"height\":67,\"caption\":\"ECRC ~ SIMEC\"},\"image\":{\"@id\":\"https:\/\/www.ecrc-simec.ca\/en\/#\/schema\/logo\/image\/\"}}]}<\/script>\n<!-- \/ Yoast SEO plugin. -->","yoast_head_json":{"title":"Programme extra-c\u00f4tier - SIMEC ~ ECRC","robots":{"index":"index","follow":"follow","max-snippet":"max-snippet:-1","max-image-preview":"max-image-preview:large","max-video-preview":"max-video-preview:-1"},"canonical":"https:\/\/www.ecrc-simec.ca\/fr\/services-et-tarifs\/programme-extra-cotier\/","og_locale":"fr_CA","og_type":"article","og_title":"Programme extra-c\u00f4tier - SIMEC ~ ECRC","og_description":"Programme extra-c\u00f4tier de pr\u00e9paration en cas de d\u00e9versements d&rsquo;hydrocarbure ECRC-SIMEC administre\u00a0le Programme Extra-c\u00f4tier de Pr\u00e9paration en Cas de D\u00e9versements d\u2019Hydrocarbure\u00a0pour le compte des op\u00e9rateurs de production extra-c\u00f4ti\u00e8re de Terre-Neuve-et-Labrador: Les Propri\u00e9t\u00e9s d\u2019ExxonMobil Canada,\u00a0la\u00a0Soci\u00e9t\u00e9 de gestion et de d\u00e9veloppement d&rsquo;Hibernia\u00a0(HMDC), Cenovus Energy Inc. et Suncor Energy Inc. Les principales composantes du programme sont : Bas\u00e9 sur [&hellip;]","og_url":"https:\/\/www.ecrc-simec.ca\/fr\/services-et-tarifs\/programme-extra-cotier\/","og_site_name":"www.ecrc-simec.ca","article_modified_time":"2022-06-28T18:32:22+00:00","twitter_misc":{"Estimation du temps de lecture":"1 minute"},"schema":{"@context":"https:\/\/schema.org","@graph":[{"@type":"WebPage","@id":"https:\/\/www.ecrc-simec.ca\/fr\/services-et-tarifs\/programme-extra-cotier\/","url":"https:\/\/www.ecrc-simec.ca\/fr\/services-et-tarifs\/programme-extra-cotier\/","name":"Programme extra-c\u00f4tier - SIMEC ~ ECRC","isPartOf":{"@id":"https:\/\/www.ecrc-simec.ca\/en\/#website"},"datePublished":"2013-11-06T14:02:23+00:00","dateModified":"2022-06-28T18:32:22+00:00","breadcrumb":{"@id":"https:\/\/www.ecrc-simec.ca\/fr\/services-et-tarifs\/programme-extra-cotier\/#breadcrumb"},"inLanguage":"fr-CA","potentialAction":[{"@type":"ReadAction","target":["https:\/\/www.ecrc-simec.ca\/fr\/services-et-tarifs\/programme-extra-cotier\/"]}]},{"@type":"BreadcrumbList","@id":"https:\/\/www.ecrc-simec.ca\/fr\/services-et-tarifs\/programme-extra-cotier\/#breadcrumb","itemListElement":[{"@type":"ListItem","position":1,"name":"Home","item":"https:\/\/www.ecrc-simec.ca\/fr\/"},{"@type":"ListItem","position":2,"name":"Services et tarifs","item":"https:\/\/www.ecrc-simec.ca\/fr\/services-et-tarifs\/"},{"@type":"ListItem","position":3,"name":"Programme extra-c\u00f4tier"}]},{"@type":"WebSite","@id":"https:\/\/www.ecrc-simec.ca\/en\/#website","url":"https:\/\/www.ecrc-simec.ca\/en\/","name":"www.ecrc-simec.ca","description":"Just another WordPress site","publisher":{"@id":"https:\/\/www.ecrc-simec.ca\/en\/#organization"},"potentialAction":[{"@type":"SearchAction","target":{"@type":"EntryPoint","urlTemplate":"https:\/\/www.ecrc-simec.ca\/en\/?s={search_term_string}"},"query-input":{"@type":"PropertyValueSpecification","valueRequired":true,"valueName":"search_term_string"}}],"inLanguage":"fr-CA"},{"@type":"Organization","@id":"https:\/\/www.ecrc-simec.ca\/en\/#organization","name":"ECRC ~ SIMEC","url":"https:\/\/www.ecrc-simec.ca\/en\/","logo":{"@type":"ImageObject","inLanguage":"fr-CA","@id":"https:\/\/www.ecrc-simec.ca\/en\/#\/schema\/logo\/image\/","url":"https:\/\/www.ecrc-simec.ca\/wp-content\/uploads\/2016\/08\/1.jpg","contentUrl":"https:\/\/www.ecrc-simec.ca\/wp-content\/uploads\/2016\/08\/1.jpg","width":87,"height":67,"caption":"ECRC ~ SIMEC"},"image":{"@id":"https:\/\/www.ecrc-simec.ca\/en\/#\/schema\/logo\/image\/"}}]}},"_links":{"self":[{"href":"https:\/\/www.ecrc-simec.ca\/fr\/wp-json\/wp\/v2\/pages\/666","targetHints":{"allow":["GET"]}}],"collection":[{"href":"https:\/\/www.ecrc-simec.ca\/fr\/wp-json\/wp\/v2\/pages"}],"about":[{"href":"https:\/\/www.ecrc-simec.ca\/fr\/wp-json\/wp\/v2\/types\/page"}],"author":[{"embeddable":true,"href":"https:\/\/www.ecrc-simec.ca\/fr\/wp-json\/wp\/v2\/users\/1"}],"replies":[{"embeddable":true,"href":"https:\/\/www.ecrc-simec.ca\/fr\/wp-json\/wp\/v2\/comments?post=666"}],"version-history":[{"count":0,"href":"https:\/\/www.ecrc-simec.ca\/fr\/wp-json\/wp\/v2\/pages\/666\/revisions"}],"up":[{"embeddable":true,"href":"https:\/\/www.ecrc-simec.ca\/fr\/wp-json\/wp\/v2\/pages\/450"}],"wp:attachment":[{"href":"https:\/\/www.ecrc-simec.ca\/fr\/wp-json\/wp\/v2\/media?parent=666"}],"curies":[{"name":"wp","href":"https:\/\/api.w.org\/{rel}","templated":true}]}}