{"id":841,"date":"2014-07-07T11:34:23","date_gmt":"2014-07-07T15:34:23","guid":{"rendered":"http:\/\/www.ecrc.ca\/?page_id=841"},"modified":"2022-01-24T11:22:12","modified_gmt":"2022-01-24T16:22:12","slug":"sante-et-securite","status":"publish","type":"page","link":"https:\/\/www.ecrc-simec.ca\/fr\/a-propos\/sante-et-securite\/","title":{"rendered":"Sant\u00e9 et S\u00e9curit\u00e9"},"content":{"rendered":"<h3><a href=\"http:\/\/www.ecrc-simec.ca\/wp-content\/uploads\/2020\/03\/Un-message-a-nos-Partenaires-26-Mars.pdf\" target=\"_blank\" rel=\"noopener\">Un message sur COVID-19 \u00e0 nos partenaires (Cliquez ici)<br \/>\n<\/a><\/h3>\n<p><a href=\"https:\/\/www.ecrc-simec.ca\/wp-content\/uploads\/2022\/01\/Pandemic-Response-Plan_Plan-dintervention-Pandemie-modification-COVID19-Jan-2022-Bilingual.pdf\" target=\"_blank\" rel=\"noopener\">Plan d&rsquo;intervention en cas de pand\u00e9mie (Cliquez ici)<\/a><\/p>\n<hr \/>\n<p>Chez SIMEC, la sant\u00e9 et la s\u00e9curit\u00e9 sont d\u2019une importance capitale. SIMEC s\u2019engage \u00e0 conduire son entreprise et g\u00e9rer ses activit\u00e9s de mani\u00e8re \u00e0 prot\u00e9ger la sant\u00e9 et la s\u00e9curit\u00e9 de ses employ\u00e9s et autres travailleurs, de ses clients, ainsi que du public en g\u00e9n\u00e9ral.<\/p>\n<p>La mise en \u0153uvre de son programme de contr\u00f4le des pertes fournit les orientations en sant\u00e9 et s\u00e9curit\u00e9 vis-\u00e0-vis son personnel et minimise ainsi la perte de ressources. Ce programme vise \u00e0 promouvoir un environnement o\u00f9 les activit\u00e9s du contr\u00f4le des pertes deviennent prioritaires tous les jours. Ce programme favorise un environnement permettant aux travailleurs de toujours demeurer alertes afin de contribuer \u00e0 leur protection et celle des ressources de SIMEC.<\/p>\n<h4>EN AUCUNE CIRCONSTANCE, LA SANT\u00c9 ET LA S\u00c9CURIT\u00c9 DU PERSONNEL NE SAURONT ETRE COMPROMISES.<\/h4>\n<p>Gr\u00e2ce au cycle de planification du travail s\u00e9curitaire, toute personne travaillant pour SIMEC est activement \u00e0 la recherche de performance en S&amp;S lors de ses activit\u00e9s quotidiennes. Les \u00e9l\u00e9ments de S&amp;S sont pleinement int\u00e9gr\u00e9s dans toutes les activit\u00e9s de SIMEC afin de pr\u00e9venir les blessures reli\u00e9es au travail.<\/p>\n<p>Les employ\u00e9s d\u00e9vou\u00e9s de SIMEC ont d\u00e9montr\u00e9 qu&rsquo;il existe une culture de S&amp;S au sein de l&rsquo;entreprise. La sant\u00e9 et la s\u00e9curit\u00e9 chez SIMEC ne sont pas seulement qu\u2019un bon programme et des proc\u00e9dures, c\u2019est aussi une valeur commune partag\u00e9e par toutes les personnes impliqu\u00e9es dans les activit\u00e9s de SIMEC.<\/p>\n<h4>NOUS TRAVAILLONS ENSEMBLE \u00ab POUR QUE LA S\u00c9CURIT\u00c9 SE PRODUISE ICI \u00bb<\/h4>\n","protected":false},"excerpt":{"rendered":"<p>Un message sur COVID-19 \u00e0 nos partenaires (Cliquez ici) Plan d&rsquo;intervention en cas de pand\u00e9mie (Cliquez ici) Chez SIMEC, la sant\u00e9 et la s\u00e9curit\u00e9 sont d\u2019une importance capitale. SIMEC s\u2019engage \u00e0 conduire son entreprise et g\u00e9rer ses activit\u00e9s de mani\u00e8re \u00e0 prot\u00e9ger la sant\u00e9 et la s\u00e9curit\u00e9 de ses employ\u00e9s et autres travailleurs, de ses [&hellip;]<\/p>\n","protected":false},"author":1,"featured_media":0,"parent":415,"menu_order":4,"comment_status":"closed","ping_status":"closed","template":"page-singlepage.php","meta":{"_acf_changed":false,"_monsterinsights_skip_tracking":false,"_monsterinsights_sitenote_active":false,"_monsterinsights_sitenote_note":"","_monsterinsights_sitenote_category":0,"footnotes":""},"class_list":["post-841","page","type-page","status-publish","hentry"],"acf":[],"yoast_head":"<!-- This site is optimized with the Yoast SEO plugin v26.9 - https:\/\/yoast.com\/product\/yoast-seo-wordpress\/ -->\n<title>Sant\u00e9 et S\u00e9curit\u00e9 - SIMEC ~ ECRC<\/title>\n<meta name=\"robots\" content=\"index, follow, max-snippet:-1, max-image-preview:large, max-video-preview:-1\" \/>\n<link rel=\"canonical\" href=\"https:\/\/www.ecrc-simec.ca\/fr\/a-propos\/sante-et-securite\/\" \/>\n<meta property=\"og:locale\" content=\"fr_CA\" \/>\n<meta property=\"og:type\" content=\"article\" \/>\n<meta property=\"og:title\" content=\"Sant\u00e9 et S\u00e9curit\u00e9 - SIMEC ~ ECRC\" \/>\n<meta property=\"og:description\" content=\"Un message sur COVID-19 \u00e0 nos partenaires (Cliquez ici) Plan d&rsquo;intervention en cas de pand\u00e9mie (Cliquez ici) Chez SIMEC, la sant\u00e9 et la s\u00e9curit\u00e9 sont d\u2019une importance capitale. SIMEC s\u2019engage \u00e0 conduire son entreprise et g\u00e9rer ses activit\u00e9s de mani\u00e8re \u00e0 prot\u00e9ger la sant\u00e9 et la s\u00e9curit\u00e9 de ses employ\u00e9s et autres travailleurs, de ses [&hellip;]\" \/>\n<meta property=\"og:url\" content=\"https:\/\/www.ecrc-simec.ca\/fr\/a-propos\/sante-et-securite\/\" \/>\n<meta property=\"og:site_name\" content=\"www.ecrc-simec.ca\" \/>\n<meta property=\"article:modified_time\" content=\"2022-01-24T16:22:12+00:00\" \/>\n<meta name=\"twitter:label1\" content=\"Estimation du temps de lecture\" \/>\n\t<meta name=\"twitter:data1\" content=\"1 minute\" \/>\n<script type=\"application\/ld+json\" class=\"yoast-schema-graph\">{\"@context\":\"https:\/\/schema.org\",\"@graph\":[{\"@type\":\"WebPage\",\"@id\":\"https:\/\/www.ecrc-simec.ca\/fr\/a-propos\/sante-et-securite\/\",\"url\":\"https:\/\/www.ecrc-simec.ca\/fr\/a-propos\/sante-et-securite\/\",\"name\":\"Sant\u00e9 et S\u00e9curit\u00e9 - SIMEC ~ ECRC\",\"isPartOf\":{\"@id\":\"https:\/\/www.ecrc-simec.ca\/en\/#website\"},\"datePublished\":\"2014-07-07T15:34:23+00:00\",\"dateModified\":\"2022-01-24T16:22:12+00:00\",\"breadcrumb\":{\"@id\":\"https:\/\/www.ecrc-simec.ca\/fr\/a-propos\/sante-et-securite\/#breadcrumb\"},\"inLanguage\":\"fr-CA\",\"potentialAction\":[{\"@type\":\"ReadAction\",\"target\":[\"https:\/\/www.ecrc-simec.ca\/fr\/a-propos\/sante-et-securite\/\"]}]},{\"@type\":\"BreadcrumbList\",\"@id\":\"https:\/\/www.ecrc-simec.ca\/fr\/a-propos\/sante-et-securite\/#breadcrumb\",\"itemListElement\":[{\"@type\":\"ListItem\",\"position\":1,\"name\":\"Home\",\"item\":\"https:\/\/www.ecrc-simec.ca\/fr\/\"},{\"@type\":\"ListItem\",\"position\":2,\"name\":\"\u00c0 propos\",\"item\":\"https:\/\/www.ecrc-simec.ca\/fr\/a-propos\/\"},{\"@type\":\"ListItem\",\"position\":3,\"name\":\"Sant\u00e9 et S\u00e9curit\u00e9\"}]},{\"@type\":\"WebSite\",\"@id\":\"https:\/\/www.ecrc-simec.ca\/en\/#website\",\"url\":\"https:\/\/www.ecrc-simec.ca\/en\/\",\"name\":\"www.ecrc-simec.ca\",\"description\":\"Just another WordPress site\",\"publisher\":{\"@id\":\"https:\/\/www.ecrc-simec.ca\/en\/#organization\"},\"potentialAction\":[{\"@type\":\"SearchAction\",\"target\":{\"@type\":\"EntryPoint\",\"urlTemplate\":\"https:\/\/www.ecrc-simec.ca\/en\/?s={search_term_string}\"},\"query-input\":{\"@type\":\"PropertyValueSpecification\",\"valueRequired\":true,\"valueName\":\"search_term_string\"}}],\"inLanguage\":\"fr-CA\"},{\"@type\":\"Organization\",\"@id\":\"https:\/\/www.ecrc-simec.ca\/en\/#organization\",\"name\":\"ECRC ~ SIMEC\",\"url\":\"https:\/\/www.ecrc-simec.ca\/en\/\",\"logo\":{\"@type\":\"ImageObject\",\"inLanguage\":\"fr-CA\",\"@id\":\"https:\/\/www.ecrc-simec.ca\/en\/#\/schema\/logo\/image\/\",\"url\":\"https:\/\/www.ecrc-simec.ca\/wp-content\/uploads\/2016\/08\/1.jpg\",\"contentUrl\":\"https:\/\/www.ecrc-simec.ca\/wp-content\/uploads\/2016\/08\/1.jpg\",\"width\":87,\"height\":67,\"caption\":\"ECRC ~ SIMEC\"},\"image\":{\"@id\":\"https:\/\/www.ecrc-simec.ca\/en\/#\/schema\/logo\/image\/\"}}]}<\/script>\n<!-- \/ Yoast SEO plugin. -->","yoast_head_json":{"title":"Sant\u00e9 et S\u00e9curit\u00e9 - SIMEC ~ ECRC","robots":{"index":"index","follow":"follow","max-snippet":"max-snippet:-1","max-image-preview":"max-image-preview:large","max-video-preview":"max-video-preview:-1"},"canonical":"https:\/\/www.ecrc-simec.ca\/fr\/a-propos\/sante-et-securite\/","og_locale":"fr_CA","og_type":"article","og_title":"Sant\u00e9 et S\u00e9curit\u00e9 - SIMEC ~ ECRC","og_description":"Un message sur COVID-19 \u00e0 nos partenaires (Cliquez ici) Plan d&rsquo;intervention en cas de pand\u00e9mie (Cliquez ici) Chez SIMEC, la sant\u00e9 et la s\u00e9curit\u00e9 sont d\u2019une importance capitale. SIMEC s\u2019engage \u00e0 conduire son entreprise et g\u00e9rer ses activit\u00e9s de mani\u00e8re \u00e0 prot\u00e9ger la sant\u00e9 et la s\u00e9curit\u00e9 de ses employ\u00e9s et autres travailleurs, de ses [&hellip;]","og_url":"https:\/\/www.ecrc-simec.ca\/fr\/a-propos\/sante-et-securite\/","og_site_name":"www.ecrc-simec.ca","article_modified_time":"2022-01-24T16:22:12+00:00","twitter_misc":{"Estimation du temps de lecture":"1 minute"},"schema":{"@context":"https:\/\/schema.org","@graph":[{"@type":"WebPage","@id":"https:\/\/www.ecrc-simec.ca\/fr\/a-propos\/sante-et-securite\/","url":"https:\/\/www.ecrc-simec.ca\/fr\/a-propos\/sante-et-securite\/","name":"Sant\u00e9 et S\u00e9curit\u00e9 - SIMEC ~ ECRC","isPartOf":{"@id":"https:\/\/www.ecrc-simec.ca\/en\/#website"},"datePublished":"2014-07-07T15:34:23+00:00","dateModified":"2022-01-24T16:22:12+00:00","breadcrumb":{"@id":"https:\/\/www.ecrc-simec.ca\/fr\/a-propos\/sante-et-securite\/#breadcrumb"},"inLanguage":"fr-CA","potentialAction":[{"@type":"ReadAction","target":["https:\/\/www.ecrc-simec.ca\/fr\/a-propos\/sante-et-securite\/"]}]},{"@type":"BreadcrumbList","@id":"https:\/\/www.ecrc-simec.ca\/fr\/a-propos\/sante-et-securite\/#breadcrumb","itemListElement":[{"@type":"ListItem","position":1,"name":"Home","item":"https:\/\/www.ecrc-simec.ca\/fr\/"},{"@type":"ListItem","position":2,"name":"\u00c0 propos","item":"https:\/\/www.ecrc-simec.ca\/fr\/a-propos\/"},{"@type":"ListItem","position":3,"name":"Sant\u00e9 et S\u00e9curit\u00e9"}]},{"@type":"WebSite","@id":"https:\/\/www.ecrc-simec.ca\/en\/#website","url":"https:\/\/www.ecrc-simec.ca\/en\/","name":"www.ecrc-simec.ca","description":"Just another WordPress site","publisher":{"@id":"https:\/\/www.ecrc-simec.ca\/en\/#organization"},"potentialAction":[{"@type":"SearchAction","target":{"@type":"EntryPoint","urlTemplate":"https:\/\/www.ecrc-simec.ca\/en\/?s={search_term_string}"},"query-input":{"@type":"PropertyValueSpecification","valueRequired":true,"valueName":"search_term_string"}}],"inLanguage":"fr-CA"},{"@type":"Organization","@id":"https:\/\/www.ecrc-simec.ca\/en\/#organization","name":"ECRC ~ SIMEC","url":"https:\/\/www.ecrc-simec.ca\/en\/","logo":{"@type":"ImageObject","inLanguage":"fr-CA","@id":"https:\/\/www.ecrc-simec.ca\/en\/#\/schema\/logo\/image\/","url":"https:\/\/www.ecrc-simec.ca\/wp-content\/uploads\/2016\/08\/1.jpg","contentUrl":"https:\/\/www.ecrc-simec.ca\/wp-content\/uploads\/2016\/08\/1.jpg","width":87,"height":67,"caption":"ECRC ~ SIMEC"},"image":{"@id":"https:\/\/www.ecrc-simec.ca\/en\/#\/schema\/logo\/image\/"}}]}},"_links":{"self":[{"href":"https:\/\/www.ecrc-simec.ca\/fr\/wp-json\/wp\/v2\/pages\/841","targetHints":{"allow":["GET"]}}],"collection":[{"href":"https:\/\/www.ecrc-simec.ca\/fr\/wp-json\/wp\/v2\/pages"}],"about":[{"href":"https:\/\/www.ecrc-simec.ca\/fr\/wp-json\/wp\/v2\/types\/page"}],"author":[{"embeddable":true,"href":"https:\/\/www.ecrc-simec.ca\/fr\/wp-json\/wp\/v2\/users\/1"}],"replies":[{"embeddable":true,"href":"https:\/\/www.ecrc-simec.ca\/fr\/wp-json\/wp\/v2\/comments?post=841"}],"version-history":[{"count":0,"href":"https:\/\/www.ecrc-simec.ca\/fr\/wp-json\/wp\/v2\/pages\/841\/revisions"}],"up":[{"embeddable":true,"href":"https:\/\/www.ecrc-simec.ca\/fr\/wp-json\/wp\/v2\/pages\/415"}],"wp:attachment":[{"href":"https:\/\/www.ecrc-simec.ca\/fr\/wp-json\/wp\/v2\/media?parent=841"}],"curies":[{"name":"wp","href":"https:\/\/api.w.org\/{rel}","templated":true}]}}